{"id":8,"date":"2024-12-10T16:05:38","date_gmt":"2024-12-10T16:05:38","guid":{"rendered":"https:\/\/eltepescaconil.com\/?page_id=8"},"modified":"2024-12-10T19:23:30","modified_gmt":"2024-12-10T19:23:30","slug":"pagina-de-inicio","status":"publish","type":"page","link":"https:\/\/eltepescaconil.com\/","title":{"rendered":"P\u00e1gina de inicio"},"content":{"rendered":"\n<div class=\"wp-block-cover alignfull is-light\" style=\"min-height:100vh;aspect-ratio:unset;\"><span aria-hidden=\"true\" class=\"wp-block-cover__background has-background-dim-20 has-background-dim\" style=\"background-color:#91aacd\"><\/span><img loading=\"lazy\" decoding=\"async\" width=\"2560\" height=\"1707\" class=\"wp-block-cover__image-background wp-image-22\" alt=\"\" src=\"https:\/\/eltepescaconil.com\/wp-content\/uploads\/2024\/12\/AdobeStock_885733527-scaled.jpeg\" data-object-fit=\"cover\" srcset=\"https:\/\/eltepescaconil.com\/wp-content\/uploads\/2024\/12\/AdobeStock_885733527-scaled.jpeg 2560w, https:\/\/eltepescaconil.com\/wp-content\/uploads\/2024\/12\/AdobeStock_885733527-300x200.jpeg 300w, https:\/\/eltepescaconil.com\/wp-content\/uploads\/2024\/12\/AdobeStock_885733527-1024x683.jpeg 1024w, https:\/\/eltepescaconil.com\/wp-content\/uploads\/2024\/12\/AdobeStock_885733527-2000x1333.jpeg 2000w\" sizes=\"auto, (max-width: 2560px) 100vw, 2560px\" \/><div class=\"wp-block-cover__inner-container has-global-padding is-layout-constrained wp-block-cover-is-layout-constrained\">\n<p class=\"has-text-align-center has-text-color has-max-60-font-size\" style=\"color:#c02020;font-style:normal;font-weight:900;line-height:1.2\"><strong>La pesca, nuestra pasi\u00f3n<\/strong><\/p>\n\n\n\n<p class=\"has-text-align-center has-white-color has-text-color has-medium-font-size\">Tu tienda de pesca especilizada en Conil de la Frontera<\/p>\n\n\n\n<div style=\"height:55px\" aria-hidden=\"true\" class=\"wp-block-spacer\"><\/div>\n\n\n\n<div class=\"wp-block-buttons is-content-justification-center is-layout-flex wp-container-core-buttons-is-layout-a89b3969 wp-block-buttons-is-layout-flex\">\n<div class=\"wp-block-button is-style-fill\"><a class=\"wp-block-button__link has-background-color has-text-color has-background wp-element-button\" href=\"http:\/\/www.eltepesca.com\" style=\"border-style:none;border-width:0px;border-radius:18px;background-color:#d61e1e\"><strong>TIENDA ONLINE<\/strong><\/a><\/div>\n<\/div>\n<\/div><\/div>\n\n\n\n<div class=\"wp-block-group has-global-padding is-layout-constrained wp-block-group-is-layout-constrained\">\n<div style=\"height:57px\" aria-hidden=\"true\" class=\"wp-block-spacer\"><\/div>\n\n\n\n<h2 class=\"wp-block-heading has-text-align-center has-medium-font-size\" style=\"letter-spacing:1px\">VISITA NUESTRA TIENDA EN CONIL DE LA FRONTERA<\/h2>\n\n\n\n<p class=\"has-text-align-center\">Situada en la Calle Federico Garc\u00eda Lorca, 12 en Conil de la Frontera, contamos con articulos especializados para la pesca, una gran variedad de marcas nos avalan.<\/p>\n\n\n\n<div class=\"wp-block-buttons is-horizontal is-content-justification-center is-layout-flex wp-container-core-buttons-is-layout-03627597 wp-block-buttons-is-layout-flex\">\n<div class=\"wp-block-button has-custom-font-size is-style-outline has-small-font-size is-style-outline--1\"><a class=\"wp-block-button__link wp-element-button\" href=\"http:\/\/www.eltepesca.com\" style=\"border-radius:0px\">CONSULTA NUESTROS ART\u00cdCULOS<\/a><\/div>\n<\/div>\n\n\n\n<div style=\"height:57px\" aria-hidden=\"true\" class=\"wp-block-spacer\"><\/div>\n<\/div>\n\n\n\n<div class=\"wp-block-group alignfull pattern_multiple_covers has-background has-global-padding is-layout-constrained wp-block-group-is-layout-constrained\" id=\"services\" style=\"background-color:#f8f8f8\">\n<h2 class=\"wp-block-heading has-text-align-left\">Conoce la pesca de cerca en Conil, una experiencia \u00fanica para los amantes del mar y la pesca.<\/h2>\n\n\n\n<p class=\"has-text-align-left\">En Conil de la Frontera, la pasi\u00f3n por el mar se combina con una rica tradici\u00f3n pesquera que atrae tanto a expertos como a aficionados de la pesca deportiva y recreativa. En nuestra<br><strong><a href=\"http:\/\/www.eltepesca.com\">tienda de pesca en Conil<\/a><\/strong> , te invitamos a descubrir todos los secretos de esta fascinante actividad y equiparte con los mejores productos para hacer de tu experiencia inolvidable.<\/p>\n\n\n\n<div style=\"height:46px\" aria-hidden=\"true\" class=\"wp-block-spacer\"><\/div>\n<\/div>\n\n\n\n<div class=\"wp-block-group alignfull has-global-padding is-layout-constrained wp-block-group-is-layout-constrained\">\n<div class=\"wp-block-group has-global-padding is-layout-constrained wp-block-group-is-layout-constrained\" style=\"padding-top:var(--wp--preset--spacing--small);padding-bottom:var(--wp--preset--spacing--small)\">\n<div class=\"wp-block-columns is-layout-flex wp-container-core-columns-is-layout-c375d253 wp-block-columns-is-layout-flex\">\n<div class=\"wp-block-column is-vertically-aligned-center is-layout-flow wp-block-column-is-layout-flow\">\n<h2 class=\"wp-block-heading has-medium-font-size\" style=\"text-transform:uppercase\">Todo lo que necesitas para tu jornada de pesca<\/h2>\n\n\n\n<p>Ya sea que prefieras la <strong><a href=\"https:\/\/eltepesca.mitiendaair.es\/articulos.php?idfam=13\">pesca desde embarcaci\u00f3n<\/a><\/strong> o disfrutar de la tranquilidad de la orilla, contamos con una amplia selecci\u00f3n de productos dise\u00f1ados para satisfacer tus necesidades. Desde <strong><a href=\"https:\/\/eltepesca.mitiendaair.es\/articulos.php?idfam=6\">ca\u00f1as de pescar<\/a><\/strong> de alta calidad hasta resistentes <strong><a href=\"https:\/\/eltepesca.mitiendaair.es\/articulos.php?idfam=9\">hilos de pescar<\/a><\/strong> que soportan las mayores capturas, en nuestra tienda encontrar\u00e1s lo mejor para optimizar tus t\u00e9cnicas.<\/p>\n\n\n\n<p>Para garantizar el \u00e9xito de tus jornadas de pesca, tambi\u00e9n disponemos de una completa gama de <strong><a href=\"https:\/\/eltepesca.mitiendaair.es\/articulos.php?idfam=7\">accesorios de pesca<\/a><\/strong> y <a href=\"https:\/\/eltepesca.mitiendaair.es\/articulos.php?idfam=10\"><strong>carretes<\/strong> <\/a>que combinan durabilidad y precisi\u00f3n. Nuestros expertos estar\u00e1n encantados de asesorarte y ayudarte a elegir los productos que mejor se adaptan a tu estilo y objetivos.<\/p>\n\n\n\n<p><\/p>\n<\/div>\n\n\n\n<div class=\"wp-block-column is-layout-flow wp-block-column-is-layout-flow\">\n<figure class=\"wp-block-image size-large\"><img loading=\"lazy\" decoding=\"async\" width=\"1024\" height=\"683\" src=\"https:\/\/eltepescaconil.com\/wp-content\/uploads\/2024\/12\/pesca-elte-conil-accesorios-de-pesca-1024x683.jpeg\" alt=\"\" class=\"wp-image-24\" srcset=\"https:\/\/eltepescaconil.com\/wp-content\/uploads\/2024\/12\/pesca-elte-conil-accesorios-de-pesca-1024x683.jpeg 1024w, https:\/\/eltepescaconil.com\/wp-content\/uploads\/2024\/12\/pesca-elte-conil-accesorios-de-pesca-300x200.jpeg 300w, https:\/\/eltepescaconil.com\/wp-content\/uploads\/2024\/12\/pesca-elte-conil-accesorios-de-pesca-2000x1333.jpeg 2000w\" sizes=\"auto, (max-width: 1024px) 100vw, 1024px\" \/><\/figure>\n<\/div>\n<\/div>\n\n\n\n<div style=\"height:30px\" aria-hidden=\"true\" class=\"wp-block-spacer\"><\/div>\n<\/div>\n<\/div>\n\n\n\n<div class=\"wp-block-group alignfull has-background has-global-padding is-layout-constrained wp-block-group-is-layout-constrained\" style=\"background-color:#f8f8f8\">\n<div class=\"wp-block-group has-global-padding is-layout-constrained wp-block-group-is-layout-constrained\" style=\"padding-top:var(--wp--preset--spacing--small);padding-bottom:var(--wp--preset--spacing--small)\">\n<div style=\"height:30px\" aria-hidden=\"true\" class=\"wp-block-spacer\"><\/div>\n\n\n\n<div class=\"wp-block-columns are-vertically-aligned-center is-layout-flex wp-container-core-columns-is-layout-c375d253 wp-block-columns-is-layout-flex\">\n<div class=\"wp-block-column is-vertically-aligned-center is-layout-flow wp-block-column-is-layout-flow\">\n<figure class=\"wp-block-image size-large\"><img loading=\"lazy\" decoding=\"async\" width=\"1024\" height=\"683\" src=\"https:\/\/eltepescaconil.com\/wp-content\/uploads\/2024\/12\/AdobeStock_305383154-1024x683.jpeg\" alt=\"\" class=\"wp-image-25\" srcset=\"https:\/\/eltepescaconil.com\/wp-content\/uploads\/2024\/12\/AdobeStock_305383154-1024x683.jpeg 1024w, https:\/\/eltepescaconil.com\/wp-content\/uploads\/2024\/12\/AdobeStock_305383154-300x200.jpeg 300w, https:\/\/eltepescaconil.com\/wp-content\/uploads\/2024\/12\/AdobeStock_305383154-2000x1333.jpeg 2000w\" sizes=\"auto, (max-width: 1024px) 100vw, 1024px\" \/><\/figure>\n<\/div>\n\n\n\n<div class=\"wp-block-column is-vertically-aligned-center is-layout-flow wp-block-column-is-layout-flow\">\n<h2 class=\"wp-block-heading has-medium-font-size\" style=\"text-transform:uppercase\">Vive la pesca como nunca antes.<\/h2>\n\n\n\n<p>Adem\u00e1s de ofrecerte el mejor equipamiento, queremos que descubras la aut\u00e9ntica esencia de la pesca en la provincia de C\u00e1diz. Conil es el lugar perfecto para explorar la riqueza de las aguas gaditanas, conocidas por su diversidad y belleza. La <strong>pesca desde <a href=\"https:\/\/eltepesca.mitiendaair.es\/articulo.php?idart=7142\">embarcaci\u00f3n<\/a><\/strong> es una opci\u00f3n especialmente popular en esta regi\u00f3n, donde podr\u00e1s disfrutar de vistas espectaculares mientras desaf\u00edas tus habilidades.<\/p>\n<\/div>\n<\/div>\n\n\n\n<div style=\"height:30px\" aria-hidden=\"true\" class=\"wp-block-spacer\"><\/div>\n<\/div>\n<\/div>\n\n\n\n<div class=\"wp-block-group alignfull portfolio-dark has-background has-global-padding is-layout-constrained wp-block-group-is-layout-constrained\" id=\"portfolio\" style=\"background-color:#ac1515;margin-top:0px\">\n<div style=\"height:122px\" aria-hidden=\"true\" class=\"wp-block-spacer\"><\/div>\n\n\n\n<h2 class=\"wp-block-heading has-text-align-left has-white-color has-text-color has-large-font-size\">Ven y descubre m\u00e1s en Conil<\/h2>\n\n\n\n<p class=\"has-white-color has-text-color has-link-color wp-elements-781048f8f87c90ce0096eacf87b422da\">Te esperamos en nuestra <strong>tienda de pesca en Conil<\/strong> para ayudarte a conectar con el mar y vivir una experiencia inolvidable. Tanto si buscas renovar tu equipo con <strong>ca\u00f1as de pescar<\/strong> , <strong>hilos de pescar<\/strong> o <strong>carretes<\/strong> , como si simplemente deseas explorar m\u00e1s sobre este apasionante mundo, estamos aqu\u00ed para ofrecerte lo mejor en productos y consejos.<\/p>\n\n\n\n<p class=\"has-text-align-left has-white-color has-text-color has-link-color wp-elements-9ace57886b63edbd034d8b11f9b8968b\">\u00a1Descubre la pesca de cerca y d\u00e9jate llevar por la magia del oc\u00e9ano!<\/p>\n\n\n\n<div style=\"height:44px\" aria-hidden=\"true\" class=\"wp-block-spacer\"><\/div>\n\n\n\n<div style=\"height:50px\" aria-hidden=\"true\" class=\"wp-block-spacer\"><\/div>\n<\/div>\n\n\n\n<div id=\"partners\" class=\"wp-block-group has-global-padding is-content-justification-center is-layout-constrained wp-container-core-group-is-layout-dc06fb1d wp-block-group-is-layout-constrained\">\n<div class=\"wp-block-group has-global-padding is-content-justification-left is-layout-constrained wp-container-core-group-is-layout-5d29898d wp-block-group-is-layout-constrained\" style=\"padding-top:0px;padding-right:0;padding-bottom:var(--wp--preset--spacing--small);padding-left:0\">\n<div class=\"wp-block-columns is-layout-flex wp-container-core-columns-is-layout-28f84493 wp-block-columns-is-layout-flex\">\n<div class=\"wp-block-column is-layout-flow wp-block-column-is-layout-flow\" style=\"flex-basis:60%\">\n<div style=\"height:20px\" aria-hidden=\"true\" class=\"wp-block-spacer\"><\/div>\n\n\n\n<p class=\"has-text-color\" style=\"color:#c9292f\"><strong>ALGUNOS PRODUCTOS QUE PUEDEN INTERESARTE<\/strong><\/p>\n\n\n\n<h2 class=\"wp-block-heading has-text-align-left\">\u00a1Conocelos!<\/h2>\n\n\n\n<div style=\"height:20px\" aria-hidden=\"true\" class=\"wp-block-spacer\"><\/div>\n\n\n\n<p class=\"has-text-align-left has-tertiary-color has-text-color\">Esto es solo una muestra de lo que puedes encontrar en nuestra p\u00e1gina web, descubre cada uno de ellos y ampl\u00eda informaci\u00f3n. Adem\u00e1s estaremos encatados de asesorarte en las posibles dudas durante tu compra.<\/p>\n<\/div>\n\n\n\n<div class=\"wp-block-column is-layout-flow wp-block-column-is-layout-flow\" style=\"flex-basis:40%\"><\/div>\n<\/div>\n<\/div>\n\n\n\n<div class=\"wp-block-group is-layout-grid wp-container-core-group-is-layout-478b6e6b wp-block-group-is-layout-grid\">\n<figure class=\"wp-block-image size-full\"><a href=\"https:\/\/eltepesca.mitiendaair.es\/articulo.php?idart=7265\"><img loading=\"lazy\" decoding=\"async\" width=\"929\" height=\"929\" src=\"https:\/\/eltepescaconil.com\/wp-content\/uploads\/2024\/12\/elte-pesca-Conil-cana-de-pescar.jpg\" alt=\"\" class=\"wp-image-34\" srcset=\"https:\/\/eltepescaconil.com\/wp-content\/uploads\/2024\/12\/elte-pesca-Conil-cana-de-pescar.jpg 929w, https:\/\/eltepescaconil.com\/wp-content\/uploads\/2024\/12\/elte-pesca-Conil-cana-de-pescar-300x300.jpg 300w, https:\/\/eltepescaconil.com\/wp-content\/uploads\/2024\/12\/elte-pesca-Conil-cana-de-pescar-150x150.jpg 150w\" sizes=\"auto, (max-width: 929px) 100vw, 929px\" \/><\/a><\/figure>\n\n\n\n<figure class=\"wp-block-image size-full\"><a href=\"https:\/\/eltepesca.mitiendaair.es\/articulo.php?idart=4651\"><img loading=\"lazy\" decoding=\"async\" width=\"600\" height=\"600\" src=\"https:\/\/eltepescaconil.com\/wp-content\/uploads\/2024\/12\/elte-pesca-conil-mochila-cinetic.jpg\" alt=\"\" class=\"wp-image-35\" srcset=\"https:\/\/eltepescaconil.com\/wp-content\/uploads\/2024\/12\/elte-pesca-conil-mochila-cinetic.jpg 600w, https:\/\/eltepescaconil.com\/wp-content\/uploads\/2024\/12\/elte-pesca-conil-mochila-cinetic-300x300.jpg 300w, https:\/\/eltepescaconil.com\/wp-content\/uploads\/2024\/12\/elte-pesca-conil-mochila-cinetic-150x150.jpg 150w\" sizes=\"auto, (max-width: 600px) 100vw, 600px\" \/><\/a><\/figure>\n\n\n\n<figure class=\"wp-block-image size-full wp-container-content-69bc4bdf\"><a href=\"https:\/\/eltepesca.mitiendaair.es\/articulo.php?idart=7211\"><img loading=\"lazy\" decoding=\"async\" width=\"713\" height=\"800\" src=\"https:\/\/eltepescaconil.com\/wp-content\/uploads\/2024\/12\/elte-pesca-conil-zebra-natural.jpg\" alt=\"\" class=\"wp-image-36\" srcset=\"https:\/\/eltepescaconil.com\/wp-content\/uploads\/2024\/12\/elte-pesca-conil-zebra-natural.jpg 713w, https:\/\/eltepescaconil.com\/wp-content\/uploads\/2024\/12\/elte-pesca-conil-zebra-natural-267x300.jpg 267w\" sizes=\"auto, (max-width: 713px) 100vw, 713px\" \/><\/a><\/figure>\n\n\n\n<figure class=\"wp-block-image size-large\"><a href=\"https:\/\/eltepesca.mitiendaair.es\/articulo.php?idart=7299\"><img loading=\"lazy\" decoding=\"async\" width=\"1024\" height=\"722\" src=\"https:\/\/eltepescaconil.com\/wp-content\/uploads\/2024\/12\/carrete-shimano-pesca-elte-1024x722.jpg\" alt=\"\" class=\"wp-image-37\" srcset=\"https:\/\/eltepescaconil.com\/wp-content\/uploads\/2024\/12\/carrete-shimano-pesca-elte-1024x722.jpg 1024w, https:\/\/eltepescaconil.com\/wp-content\/uploads\/2024\/12\/carrete-shimano-pesca-elte-300x211.jpg 300w, https:\/\/eltepescaconil.com\/wp-content\/uploads\/2024\/12\/carrete-shimano-pesca-elte-2000x1409.jpg 2000w, https:\/\/eltepescaconil.com\/wp-content\/uploads\/2024\/12\/carrete-shimano-pesca-elte.jpg 2048w\" sizes=\"auto, (max-width: 1024px) 100vw, 1024px\" \/><\/a><\/figure>\n<\/div>\n<\/div>\n\n\n\n<p><\/p>\n","protected":false},"excerpt":{"rendered":"<p>VISITA NUESTRA TIENDA EN CONIL DE LA FRONTERA Situada en la Calle Federico Garc\u00eda Lorca, 12 en Conil de la Frontera, contamos con articulos especializados para la pesca, una gran variedad de marcas nos avalan. Conoce la pesca de cerca en Conil, una experiencia \u00fanica para los amantes del mar y la pesca. En Conil &hellip; <\/p>\n<p class=\"link-more\"><a href=\"https:\/\/eltepescaconil.com\/\" class=\"more-link\">Leer m\u00e1s<span class=\"screen-reader-text\"> \u00abP\u00e1gina de inicio\u00bb<\/span><\/a><\/p>\n","protected":false},"author":1,"featured_media":0,"parent":0,"menu_order":0,"comment_status":"closed","ping_status":"closed","template":"page-templates\/homepage-no-hero.php","meta":{"footnotes":""},"class_list":["post-8","page","type-page","status-publish","hentry"],"_links":{"self":[{"href":"https:\/\/eltepescaconil.com\/index.php?rest_route=\/wp\/v2\/pages\/8","targetHints":{"allow":["GET"]}}],"collection":[{"href":"https:\/\/eltepescaconil.com\/index.php?rest_route=\/wp\/v2\/pages"}],"about":[{"href":"https:\/\/eltepescaconil.com\/index.php?rest_route=\/wp\/v2\/types\/page"}],"author":[{"embeddable":true,"href":"https:\/\/eltepescaconil.com\/index.php?rest_route=\/wp\/v2\/users\/1"}],"replies":[{"embeddable":true,"href":"https:\/\/eltepescaconil.com\/index.php?rest_route=%2Fwp%2Fv2%2Fcomments&post=8"}],"version-history":[{"count":4,"href":"https:\/\/eltepescaconil.com\/index.php?rest_route=\/wp\/v2\/pages\/8\/revisions"}],"predecessor-version":[{"id":38,"href":"https:\/\/eltepescaconil.com\/index.php?rest_route=\/wp\/v2\/pages\/8\/revisions\/38"}],"wp:attachment":[{"href":"https:\/\/eltepescaconil.com\/index.php?rest_route=%2Fwp%2Fv2%2Fmedia&parent=8"}],"curies":[{"name":"wp","href":"https:\/\/api.w.org\/{rel}","templated":true}]}}